{"id":810,"date":"2013-03-05T16:32:40","date_gmt":"2013-03-05T15:32:40","guid":{"rendered":"https:\/\/esta-france.net\/obtener-la-autorizacion-esta\/"},"modified":"2025-09-25T15:33:48","modified_gmt":"2025-09-25T14:33:48","slug":"obtener-la-autorizacion-esta","status":"publish","type":"page","link":"https:\/\/esta-france.net\/es\/","title":{"rendered":"Obtener la autorizaci\u00f3n ESTA"},"content":{"rendered":"\n<h2 class=\"wp-block-heading\"><span style=\"font-weight: 400;\">\u00bfEs posible obtener la autorizaci\u00f3n ESTA desde Francia?<\/span><\/h2>\n\n<p><span style=\"font-weight: 400;\">Desde 2009, viajar a Estados Unidos es un poco m\u00e1s f\u00e1cil. Ya no necesitas <a href=\"https:\/\/esta-france.net\/es\/todo-lo-que-necesitas-saber-sobre-los-visados-para-ee-uu\/\">solicitar un visado<\/a> si no tienes intenci\u00f3n de permanecer en el pa\u00eds m\u00e1s de 3 meses, o 90 d\u00edas para ser m\u00e1s exactos. Todo lo que tienes que hacer es solicitar un ESTA, que adopta la forma de un <a href=\"https:\/\/esta-france.net\/es\/el-formulario-esta-para-estados-unidos\/\">formulario en l\u00ednea<\/a>.  <\/span><\/p>\n\n<p><span style=\"font-weight: 400;\">Como el formulario ESTA se rellena en la web, la solicitud puede hacerse desde cualquier lugar. Por tanto, es perfectamente posible solicitar un ESTA desde Francia. Si en tu pa\u00eds de residencia no hay embajada estadounidense, no hay problema. La solicitud ESTA no se realiza a trav\u00e9s de la embajada estadounidense. El proceso de autorizaci\u00f3n ESTA es gestionado en Estados Unidos por el      <\/span><a href=\"https:\/\/www.cbp.gov\/\">Departamento de Seguridad Interior<\/a><\/p>\n\n<h2 class=\"wp-block-heading\"><span style=\"font-weight: 400;\">\u00bfSe aplica el ESTA a los franceses?<\/span><\/h2>\n\n<p><span style=\"font-weight: 400;\">Francia es signataria del Programa de Exenci\u00f3n de Visado de Estados Unidos, creado por el gobierno estadounidense. En total, 41 pa\u00edses est\u00e1n cubiertos por este programa. El <a href=\"https:\/\/travel.state.gov\/content\/travel\/en\/us-visas\/tourism-visit\/visa-waiver-program.html\">Programa de Exenci\u00f3n de<\/a> Visado fue creado por las autoridades estadounidenses para facilitar a los viajeros la solicitud de visados, fomentando as\u00ed el turismo en EEUU. El ESTA, por su parte, responde a la necesidad de garantizar la seguridad interior de EEUU.     <\/span><\/p>\n\n<p><span style=\"font-weight: 400;\">Por tanto, los nacionales de los distintos pa\u00edses miembros pueden solicitar una autorizaci\u00f3n ESTA para viajar a Estados Unidos. Para poder optar a ella, los nacionales franceses deben : <\/span><\/p>\n\n<ul class=\"wp-block-list\">\n<li><span style=\"font-weight: 400;\">estar en posesi\u00f3n de un pasaporte v\u00e1lido, que debe ser un pasaporte electr\u00f3nico o biom\u00e9trico;<\/span><\/li>\n\n\n\n<li><span style=\"font-weight: 400;\">planificar unas vacaciones, un viaje de negocios o un tr\u00e1nsito ;<\/span><\/li>\n\n\n\n<li><span style=\"font-weight: 400;\">permanecer en suelo estadounidense un m\u00e1ximo de 90 d\u00edas;<\/span><\/li>\n\n\n\n<li><span style=\"font-weight: 400;\">Un billete de ida y vuelta en una compa\u00f1\u00eda a\u00e9rea autorizada por el gobierno estadounidense.<\/span><\/li>\n<\/ul>\n\n<p><span style=\"font-weight: 400;\">Si tienes doble nacionalidad, puedes utilizar cualquiera de los dos pasaportes siempre que ambos sean de un pa\u00eds VWP. Si no es el caso, aseg\u00farate de utilizar el pasaporte franc\u00e9s. Aseg\u00farate de presentar el pasaporte vinculado al ESTA al embarcar y en la aduana.    <\/span><\/p>\n\n<p><span style=\"font-weight: 400;\">Una vez cumplidos los requisitos, puedes rellenar el <\/span><span style=\"font-weight: 400;\">formulario ESTA en franc\u00e9s<\/span><span style=\"font-weight: 400;\">.<\/span><\/p>\n\n<h2 class=\"wp-block-heading\"><span style=\"font-weight: 400;\">\u00bfD\u00f3nde y c\u00f3mo rellenar el formulario ESTA en franc\u00e9s?<\/span><\/h2>\n\n<p><span style=\"font-weight: 400;\">Puedes solicitar el ESTA Francia de varias formas, pero s\u00f3lo por Internet. Contrariamente a la creencia popular, el <a href=\"https:\/\/esta-france.net\/es\/que-informacion-se-requiere-en-el-formulario-esta\/\">formulario ESTA en franc\u00e9s<\/a> est\u00e1 disponible en el sitio web del gobierno estadounidense. Para obtener la traducci\u00f3n, basta con seleccionar el idioma franc\u00e9s en la esquina superior derecha del sitio web oficial. Tambi\u00e9n hay varios sitios web franceses especializados en solicitudes ESTA, que ofrecen asistencia en la lengua de Moli\u00e8re. Estos sitios act\u00faan como intermediarios y son perfectamente capaces de expedirte un ESTA oficial.    <\/span><\/p>\n\n<p><span style=\"font-weight: 400;\">Tanto si eliges el sitio oficial como un sitio privado, el <a href=\"https:\/\/usa-esta.net\/es\/formulario-esta-en-espanol\/\">formulario ESTA<\/a> en franc\u00e9s es una simple traducci\u00f3n del formulario estadounidense, por lo que no hay ninguna diferencia. Tienes que rellenar tus datos personales, los datos de tu pasaporte y responder a una serie de preguntas relativas a tu salud, tu opini\u00f3n sobre el terrorismo, tus visitas anteriores, etc. <\/span><\/p>\n\n<p><span style=\"font-weight: 400;\">Para validar tu solicitud ESTA en el sitio web oficial, lleva tu tarjeta bancaria (Visa, Mastercard, American Express, etc.) para pagar en l\u00ednea la tasa de 21 $.<\/span>  La solicitud s\u00f3lo se procesar\u00e1 cuando se haya validado el pago.<\/p>\n\n<h2 class=\"wp-block-heading\"><span style=\"font-weight: 400;\">\u00bfCu\u00e1ndo debo solicitar un ESTA en Francia?<\/span><\/h2>\n\n<p><span style=\"font-weight: 400;\">Debes solicitar el ESTA Francia al menos 72 horas antes de la salida de tu avi\u00f3n o crucero. Sin embargo, te aconsejamos que lo solicites lo antes posible, ya que si tu solicitud es rechazada, tendr\u00e1s que solicitar un visado estadounidense si no es posible presentar una nueva solicitud ESTA. <\/span>  A veces, el tiempo de respuesta del gobierno estadounidense por Internet no es inmediato, y la respuesta puede quedar pendiente de 1 a 3 d\u00edas, por lo que es aconsejable presentar la solicitud al menos 3 d\u00edas antes de partir.<\/p>\n\n<p><span style=\"font-weight: 400;\">En general, es aconsejable solicitar tu ESTA en cuanto tengas previsto viajar a Estados Unidos. Como la autorizaci\u00f3n tiene una validez de dos a\u00f1os, es preferible tenerla con antelaci\u00f3n antes que poner en peligro tu estancia en Estados Unidos. No olvides comprobar la fecha de caducidad de tu pasaporte, ya que si caduca antes de los dos a\u00f1os, tu <a href=\"https:\/\/esta-france.net\/es\/como-puedo-comprobar-el-estado-de-un-esta\/\">autorizaci\u00f3n ESTA tendr\u00e1 la misma validez<\/a>. Quiz\u00e1 te convenga solicitar un nuevo pasaporte para aprovechar al m\u00e1ximo el ESTA, sobre todo si tienes previsto m\u00e1s de un viaje a Estados Unidos en los pr\u00f3ximos a\u00f1os.   <\/span><\/p>\n\n<h2 class=\"wp-block-heading\"><span style=\"font-weight: 400;\">Documentos a presentar en el embarque<\/span><\/h2>\n\n<p><span style=\"font-weight: 400;\">El ESTA es una autorizaci\u00f3n de viaje electr\u00f3nica, lo que significa que est\u00e1 vinculada electr\u00f3nicamente a tu n\u00famero de pasaporte biom\u00e9trico o electr\u00f3nico. Por tanto, no necesitas<a href=\"https:\/\/esta-france.net\/es\/imprime-tu-autorizacion-esta-en-frances\/\">imprimir tu documento ESTA<\/a> Francia para tu viaje a Estados Unidos. <\/span><\/p>\n\n<p><span style=\"font-weight: 400;\">Sin embargo, debes presentar tu pasaporte. Tu pasaporte debe ser v\u00e1lido durante toda tu estancia. Por supuesto, tambi\u00e9n debes presentar tu billete, ya sea de avi\u00f3n o de crucero.    <\/span><\/p>\n\n<p>Si no has <a href=\"https:\/\/esta-france.net\/es\/?p=727\">solicitado un ESTA<\/a> o todav\u00eda no lo has obtenido cuando te presentes en el aeropuerto, la compa\u00f1\u00eda a\u00e9rea no podr\u00e1 facturarte para tu vuelo. En el mostrador de facturaci\u00f3n se dar\u00e1n cuenta de que el sistema inform\u00e1tico est\u00e1 bloqueado y no podr\u00e1n expedirte la tarjeta de embarque para tu viaje. <\/p>\n","protected":false},"excerpt":{"rendered":"<p>\u00bfEs posible obtener la autorizaci\u00f3n ESTA desde Francia? Desde 2009, viajar a Estados Unidos es un poco m\u00e1s f\u00e1cil. Ya no necesitas solicitar un visado si no tienes intenci\u00f3n de permanecer en el pa\u00eds m\u00e1s de 3 meses, o 90&hellip; <a href=\"https:\/\/esta-france.net\/es\/\" class=\"more-link\">Continue Reading <span class=\"meta-nav\">&rarr;<\/span><\/a><\/p>\n","protected":false},"author":1,"featured_media":0,"parent":0,"menu_order":0,"comment_status":"closed","ping_status":"closed","template":"","meta":{"footnotes":""},"class_list":["post-810","page","type-page","status-publish","hentry"],"yoast_head":"<!-- This site is optimized with the Yoast SEO plugin v26.2 - https:\/\/yoast.com\/wordpress\/plugins\/seo\/ -->\n<title>\u00bfD\u00f3nde puedo solicitar la autorizaci\u00f3n de viaje ESTA en Francia?<\/title>\n<meta name=\"description\" content=\"M\u00e1s informaci\u00f3n sobre la autorizaci\u00f3n de viaje ESTA para Estados Unidos y d\u00f3nde encontrar el formulario en l\u00ednea en franc\u00e9s\" \/>\n<meta name=\"robots\" content=\"index, follow, max-snippet:-1, max-image-preview:large, max-video-preview:-1\" \/>\n<link rel=\"canonical\" href=\"https:\/\/esta-france.net\/es\/\" \/>\n<meta property=\"og:locale\" content=\"es_ES\" \/>\n<meta property=\"og:type\" content=\"article\" \/>\n<meta property=\"og:title\" content=\"\u00bfD\u00f3nde puedo solicitar la autorizaci\u00f3n de viaje ESTA en Francia?\" \/>\n<meta property=\"og:description\" content=\"M\u00e1s informaci\u00f3n sobre la autorizaci\u00f3n de viaje ESTA para Estados Unidos y d\u00f3nde encontrar el formulario en l\u00ednea en franc\u00e9s\" \/>\n<meta property=\"og:url\" content=\"https:\/\/esta-france.net\/es\/\" \/>\n<meta property=\"og:site_name\" content=\"Esta france\" \/>\n<meta property=\"article:modified_time\" content=\"2025-09-25T14:33:48+00:00\" \/>\n<meta name=\"twitter:label1\" content=\"Tiempo de lectura\" \/>\n\t<meta name=\"twitter:data1\" content=\"5 minutos\" \/>\n<script type=\"application\/ld+json\" class=\"yoast-schema-graph\">{\"@context\":\"https:\/\/schema.org\",\"@graph\":[{\"@type\":\"WebPage\",\"@id\":\"https:\/\/esta-france.net\/es\/\",\"url\":\"https:\/\/esta-france.net\/es\/\",\"name\":\"\u00bfD\u00f3nde puedo solicitar la autorizaci\u00f3n de viaje ESTA en Francia?\",\"isPartOf\":{\"@id\":\"https:\/\/esta-france.net\/es\/#website\"},\"datePublished\":\"2013-03-05T15:32:40+00:00\",\"dateModified\":\"2025-09-25T14:33:48+00:00\",\"description\":\"M\u00e1s informaci\u00f3n sobre la autorizaci\u00f3n de viaje ESTA para Estados Unidos y d\u00f3nde encontrar el formulario en l\u00ednea en franc\u00e9s\",\"inLanguage\":\"es\",\"potentialAction\":[{\"@type\":\"ReadAction\",\"target\":[\"https:\/\/esta-france.net\/es\/\"]}]},{\"@type\":\"WebSite\",\"@id\":\"https:\/\/esta-france.net\/es\/#website\",\"url\":\"https:\/\/esta-france.net\/es\/\",\"name\":\"Esta france\",\"description\":\"formuaire esta en ligne et en fran\u00e7ais\",\"potentialAction\":[{\"@type\":\"SearchAction\",\"target\":{\"@type\":\"EntryPoint\",\"urlTemplate\":\"https:\/\/esta-france.net\/es\/?s={search_term_string}\"},\"query-input\":{\"@type\":\"PropertyValueSpecification\",\"valueRequired\":true,\"valueName\":\"search_term_string\"}}],\"inLanguage\":\"es\"}]}<\/script>\n<!-- \/ Yoast SEO plugin. -->","yoast_head_json":{"title":"\u00bfD\u00f3nde puedo solicitar la autorizaci\u00f3n de viaje ESTA en Francia?","description":"M\u00e1s informaci\u00f3n sobre la autorizaci\u00f3n de viaje ESTA para Estados Unidos y d\u00f3nde encontrar el formulario en l\u00ednea en franc\u00e9s","robots":{"index":"index","follow":"follow","max-snippet":"max-snippet:-1","max-image-preview":"max-image-preview:large","max-video-preview":"max-video-preview:-1"},"canonical":"https:\/\/esta-france.net\/es\/","og_locale":"es_ES","og_type":"article","og_title":"\u00bfD\u00f3nde puedo solicitar la autorizaci\u00f3n de viaje ESTA en Francia?","og_description":"M\u00e1s informaci\u00f3n sobre la autorizaci\u00f3n de viaje ESTA para Estados Unidos y d\u00f3nde encontrar el formulario en l\u00ednea en franc\u00e9s","og_url":"https:\/\/esta-france.net\/es\/","og_site_name":"Esta france","article_modified_time":"2025-09-25T14:33:48+00:00","twitter_misc":{"Tiempo de lectura":"5 minutos"},"schema":{"@context":"https:\/\/schema.org","@graph":[{"@type":"WebPage","@id":"https:\/\/esta-france.net\/es\/","url":"https:\/\/esta-france.net\/es\/","name":"\u00bfD\u00f3nde puedo solicitar la autorizaci\u00f3n de viaje ESTA en Francia?","isPartOf":{"@id":"https:\/\/esta-france.net\/es\/#website"},"datePublished":"2013-03-05T15:32:40+00:00","dateModified":"2025-09-25T14:33:48+00:00","description":"M\u00e1s informaci\u00f3n sobre la autorizaci\u00f3n de viaje ESTA para Estados Unidos y d\u00f3nde encontrar el formulario en l\u00ednea en franc\u00e9s","inLanguage":"es","potentialAction":[{"@type":"ReadAction","target":["https:\/\/esta-france.net\/es\/"]}]},{"@type":"WebSite","@id":"https:\/\/esta-france.net\/es\/#website","url":"https:\/\/esta-france.net\/es\/","name":"Esta france","description":"formuaire esta en ligne et en fran\u00e7ais","potentialAction":[{"@type":"SearchAction","target":{"@type":"EntryPoint","urlTemplate":"https:\/\/esta-france.net\/es\/?s={search_term_string}"},"query-input":{"@type":"PropertyValueSpecification","valueRequired":true,"valueName":"search_term_string"}}],"inLanguage":"es"}]}},"_links":{"self":[{"href":"https:\/\/esta-france.net\/es\/wp-json\/wp\/v2\/pages\/810","targetHints":{"allow":["GET"]}}],"collection":[{"href":"https:\/\/esta-france.net\/es\/wp-json\/wp\/v2\/pages"}],"about":[{"href":"https:\/\/esta-france.net\/es\/wp-json\/wp\/v2\/types\/page"}],"author":[{"embeddable":true,"href":"https:\/\/esta-france.net\/es\/wp-json\/wp\/v2\/users\/1"}],"replies":[{"embeddable":true,"href":"https:\/\/esta-france.net\/es\/wp-json\/wp\/v2\/comments?post=810"}],"version-history":[{"count":1,"href":"https:\/\/esta-france.net\/es\/wp-json\/wp\/v2\/pages\/810\/revisions"}],"predecessor-version":[{"id":812,"href":"https:\/\/esta-france.net\/es\/wp-json\/wp\/v2\/pages\/810\/revisions\/812"}],"wp:attachment":[{"href":"https:\/\/esta-france.net\/es\/wp-json\/wp\/v2\/media?parent=810"}],"curies":[{"name":"wp","href":"https:\/\/api.w.org\/{rel}","templated":true}]}}